{"id":1823,"date":"2016-02-20T06:36:35","date_gmt":"2016-02-20T06:36:35","guid":{"rendered":"http:\/\/demo.themelogi.com\/navian\/?page_id=1823"},"modified":"2016-02-20T06:36:35","modified_gmt":"2016-02-20T06:36:35","slug":"standard-left-sidebar","status":"publish","type":"page","link":"https:\/\/bdimarine.com\/index.php\/blog\/standard-left-sidebar\/","title":{"rendered":"Standard &#8211; Left Sidebar"},"content":{"rendered":"<div class=\"wpb-content-wrapper\"><p>[vc_row full_width=&#8221;stretch_row&#8221; tlg_padding=&#8221;pt0 pb0&#8243;][vc_column]<section class=\"  p0 sidebar-left\"><div class=\"container\"><div class=\"row grid-blog\"><div id=\"sidebar\" class=\"col-md-3 hidden-sx\">\n\t<div id=\"block-3\" class=\"widget widget_block\"><div class=\"wp-block-group\"><div class=\"wp-block-group__inner-container is-layout-constrained wp-block-group-is-layout-constrained\"><h2 class=\"wp-block-heading\">Projects<\/h2>\n\n<div class=\"wp-block-group\"><div class=\"wp-block-group__inner-container is-layout-constrained wp-block-group-is-layout-constrained\"><div class=\"wp-widget-group__inner-blocks\"><ul class=\"wp-block-latest-posts__list wp-block-latest-posts\"><li><a class=\"wp-block-latest-posts__post-title\" href=\"https:\/\/bdimarine.com\/index.php\/2025\/07\/08\/six-senses-palm-jumeirah-stormwater-pipeline\/\">Six Senses Palm Jumeirah Stormwater Pipeline<\/a><\/li>\n<li><a class=\"wp-block-latest-posts__post-title\" href=\"https:\/\/bdimarine.com\/index.php\/2024\/10\/01\/marsa-al-arab-beach-reinstatement\/\">Marsa Al Arab Beach Reinstatement<\/a><\/li>\n<li><a class=\"wp-block-latest-posts__post-title\" href=\"https:\/\/bdimarine.com\/index.php\/2024\/09\/28\/la-mer-seawall-construction\/\">La Mer Beach Seawall Construction<\/a><\/li>\n<li><a class=\"wp-block-latest-posts__post-title\" href=\"https:\/\/bdimarine.com\/index.php\/2024\/09\/20\/bvlgari-lighthouse-marine-works\/\">Bvlgari Lighthouse Marine Works<\/a><\/li>\n<li><a class=\"wp-block-latest-posts__post-title\" href=\"https:\/\/bdimarine.com\/index.php\/2024\/09\/18\/bvlgari-lighthouse-rock-removal\/\">Bvlgari Lighthouse Rock Removal<\/a><\/li>\n<li><a class=\"wp-block-latest-posts__post-title\" href=\"https:\/\/bdimarine.com\/index.php\/2024\/09\/11\/marsa-al-arab-crown-wall\/\">Marsa Al Arab Crown Wall<\/a><\/li>\n<li><a class=\"wp-block-latest-posts__post-title\" href=\"https:\/\/bdimarine.com\/index.php\/2024\/09\/05\/marsa-al-arab-stormwater-construction\/\">Marsa Al Arab Stormwater Construction<\/a><\/li>\n<li><a class=\"wp-block-latest-posts__post-title\" href=\"https:\/\/bdimarine.com\/index.php\/2024\/08\/20\/bvlgari-ocean-villas\/\">Bvlgari Ocean Villas<\/a><\/li>\n<\/ul><\/div><\/div><\/div><\/div><\/div><\/div><\/div><div id=\"main-content\" class=\"col-md-9 mb-xs-24\"><div class=\"boxed-intro blog-boxed overflow-hidden zoom-hover icon-hover mb70 blog-content\">\n                <div class=\"overflow-hidden relative\">\n                <div class=\"intro-image overflow-hidden relative\">\n                    <a href=\"https:\/\/bdimarine.com\/index.php\/2025\/07\/08\/six-senses-palm-jumeirah-stormwater-pipeline\/\">\n                                                    <img loading=\"lazy\" decoding=\"async\" width=\"1024\" height=\"682\" src=\"https:\/\/bdimarine.com\/wp-content\/uploads\/2025\/07\/Six-Senses-Palm-Jumeirah-Stormwater-Pipeline8-1024x682.jpg\" class=\"attachment-large size-large wp-post-image\" alt=\"\" srcset=\"https:\/\/bdimarine.com\/wp-content\/uploads\/2025\/07\/Six-Senses-Palm-Jumeirah-Stormwater-Pipeline8-1024x682.jpg 1024w, https:\/\/bdimarine.com\/wp-content\/uploads\/2025\/07\/Six-Senses-Palm-Jumeirah-Stormwater-Pipeline8-300x200.jpg 300w, https:\/\/bdimarine.com\/wp-content\/uploads\/2025\/07\/Six-Senses-Palm-Jumeirah-Stormwater-Pipeline8-768x511.jpg 768w, https:\/\/bdimarine.com\/wp-content\/uploads\/2025\/07\/Six-Senses-Palm-Jumeirah-Stormwater-Pipeline8-1536x1022.jpg 1536w, https:\/\/bdimarine.com\/wp-content\/uploads\/2025\/07\/Six-Senses-Palm-Jumeirah-Stormwater-Pipeline8-600x399.jpg 600w, https:\/\/bdimarine.com\/wp-content\/uploads\/2025\/07\/Six-Senses-Palm-Jumeirah-Stormwater-Pipeline8.jpg 1920w\" sizes=\"auto, (max-width: 1024px) 100vw, 1024px\" \/>                                                                        <span class=\"overlay-default\"><\/span>\n                        <span class=\"plus-icon\"><\/span>\n                    <\/a>\n                <\/div>\n            <\/div>\n                <div class=\"intro-content\">\n            <div class=\"blog-categories\"><a href=\"https:\/\/bdimarine.com\/index.php\/category\/projects\/\">Projects<\/a><\/div>            <a href=\"https:\/\/bdimarine.com\/index.php\/2025\/07\/08\/six-senses-palm-jumeirah-stormwater-pipeline\/\">\n                <h5 class=\"widgettitle dark-hover\">Six Senses Palm Jumeirah Stormwater Pipeline<\/h5>            <\/a>\n            <div class=\"blog-boxed-content\"><p><\/p><\/div>\n            <div class=\"entry-foot\">\n                <span class=\"read-more\"><a href=\"https:\/\/bdimarine.com\/index.php\/2025\/07\/08\/six-senses-palm-jumeirah-stormwater-pipeline\/\">Read more<\/a><\/span>\n            <\/div>\n        <\/div>\n        <div class=\"entry-meta overflow-hidden\">\n            <div class=\"float-left entry-date\">\n                <span><i class=\"ti-time\"><\/i><\/span>\n            <\/div>\n            <div class=\"float-left entry-author pl-16\">\n                <span><i class=\"ti-user\"><\/i><a href=\"https:\/\/bdimarine.com\/index.php\/author\/teknogelisim\/\" title=\" taraf\u0131ndan yaz\u0131lan yaz\u0131lar\" rel=\"author\"><\/a><\/span>\n            <\/div>\n                            <span class=\"inline-block float-right post-action p0\">\n                                <\/span>\n                                <\/div>\n        <\/div><div class=\"boxed-intro blog-boxed overflow-hidden zoom-hover icon-hover mb70 blog-content\">\n                <div class=\"overflow-hidden relative\">\n                <div class=\"intro-image overflow-hidden relative\">\n                    <a href=\"https:\/\/bdimarine.com\/index.php\/2024\/10\/01\/marsa-al-arab-beach-reinstatement\/\">\n                                                    <img loading=\"lazy\" decoding=\"async\" width=\"1024\" height=\"682\" src=\"https:\/\/bdimarine.com\/wp-content\/uploads\/2024\/08\/Marsa-Al-Arab-Beach-Reinstatement-1024x682.jpg\" class=\"attachment-large size-large wp-post-image\" alt=\"\" srcset=\"https:\/\/bdimarine.com\/wp-content\/uploads\/2024\/08\/Marsa-Al-Arab-Beach-Reinstatement-1024x682.jpg 1024w, https:\/\/bdimarine.com\/wp-content\/uploads\/2024\/08\/Marsa-Al-Arab-Beach-Reinstatement-300x200.jpg 300w, https:\/\/bdimarine.com\/wp-content\/uploads\/2024\/08\/Marsa-Al-Arab-Beach-Reinstatement-768x511.jpg 768w, https:\/\/bdimarine.com\/wp-content\/uploads\/2024\/08\/Marsa-Al-Arab-Beach-Reinstatement-1536x1022.jpg 1536w, https:\/\/bdimarine.com\/wp-content\/uploads\/2024\/08\/Marsa-Al-Arab-Beach-Reinstatement-600x399.jpg 600w, https:\/\/bdimarine.com\/wp-content\/uploads\/2024\/08\/Marsa-Al-Arab-Beach-Reinstatement.jpg 1920w\" sizes=\"auto, (max-width: 1024px) 100vw, 1024px\" \/>                                                                        <span class=\"overlay-default\"><\/span>\n                        <span class=\"plus-icon\"><\/span>\n                    <\/a>\n                <\/div>\n            <\/div>\n                <div class=\"intro-content\">\n            <div class=\"blog-categories\"><a href=\"https:\/\/bdimarine.com\/index.php\/category\/projects\/\">Projects<\/a><\/div>            <a href=\"https:\/\/bdimarine.com\/index.php\/2024\/10\/01\/marsa-al-arab-beach-reinstatement\/\">\n                <h5 class=\"widgettitle dark-hover\">Marsa Al Arab Beach Reinstatement<\/h5>            <\/a>\n            <div class=\"blog-boxed-content\"><p><\/p><\/div>\n            <div class=\"entry-foot\">\n                <span class=\"read-more\"><a href=\"https:\/\/bdimarine.com\/index.php\/2024\/10\/01\/marsa-al-arab-beach-reinstatement\/\">Read more<\/a><\/span>\n            <\/div>\n        <\/div>\n        <div class=\"entry-meta overflow-hidden\">\n            <div class=\"float-left entry-date\">\n                <span><i class=\"ti-time\"><\/i><\/span>\n            <\/div>\n            <div class=\"float-left entry-author pl-16\">\n                <span><i class=\"ti-user\"><\/i><a href=\"https:\/\/bdimarine.com\/index.php\/author\/teknogelisim\/\" title=\" taraf\u0131ndan yaz\u0131lan yaz\u0131lar\" rel=\"author\"><\/a><\/span>\n            <\/div>\n                            <span class=\"inline-block float-right post-action p0\">\n                                <\/span>\n                                <\/div>\n        <\/div><div class=\"boxed-intro blog-boxed overflow-hidden zoom-hover icon-hover mb70 blog-content\">\n                <div class=\"overflow-hidden relative\">\n                <div class=\"intro-image overflow-hidden relative\">\n                    <a href=\"https:\/\/bdimarine.com\/index.php\/2024\/09\/28\/la-mer-seawall-construction\/\">\n                                                    <img loading=\"lazy\" decoding=\"async\" width=\"1024\" height=\"682\" src=\"https:\/\/bdimarine.com\/wp-content\/uploads\/2024\/08\/La-Mer-Seawall-Construction7-1024x682.jpg\" class=\"attachment-large size-large wp-post-image\" alt=\"\" srcset=\"https:\/\/bdimarine.com\/wp-content\/uploads\/2024\/08\/La-Mer-Seawall-Construction7-1024x682.jpg 1024w, https:\/\/bdimarine.com\/wp-content\/uploads\/2024\/08\/La-Mer-Seawall-Construction7-300x200.jpg 300w, https:\/\/bdimarine.com\/wp-content\/uploads\/2024\/08\/La-Mer-Seawall-Construction7-768x511.jpg 768w, https:\/\/bdimarine.com\/wp-content\/uploads\/2024\/08\/La-Mer-Seawall-Construction7-1536x1022.jpg 1536w, https:\/\/bdimarine.com\/wp-content\/uploads\/2024\/08\/La-Mer-Seawall-Construction7-600x399.jpg 600w, https:\/\/bdimarine.com\/wp-content\/uploads\/2024\/08\/La-Mer-Seawall-Construction7.jpg 1920w\" sizes=\"auto, (max-width: 1024px) 100vw, 1024px\" \/>                                                                        <span class=\"overlay-default\"><\/span>\n                        <span class=\"plus-icon\"><\/span>\n                    <\/a>\n                <\/div>\n            <\/div>\n                <div class=\"intro-content\">\n            <div class=\"blog-categories\"><a href=\"https:\/\/bdimarine.com\/index.php\/category\/projects\/\">Projects<\/a><\/div>            <a href=\"https:\/\/bdimarine.com\/index.php\/2024\/09\/28\/la-mer-seawall-construction\/\">\n                <h5 class=\"widgettitle dark-hover\">La Mer Beach Seawall Construction<\/h5>            <\/a>\n            <div class=\"blog-boxed-content\"><p><\/p><\/div>\n            <div class=\"entry-foot\">\n                <span class=\"read-more\"><a href=\"https:\/\/bdimarine.com\/index.php\/2024\/09\/28\/la-mer-seawall-construction\/\">Read more<\/a><\/span>\n            <\/div>\n        <\/div>\n        <div class=\"entry-meta overflow-hidden\">\n            <div class=\"float-left entry-date\">\n                <span><i class=\"ti-time\"><\/i><\/span>\n            <\/div>\n            <div class=\"float-left entry-author pl-16\">\n                <span><i class=\"ti-user\"><\/i><a href=\"https:\/\/bdimarine.com\/index.php\/author\/teknogelisim\/\" title=\" taraf\u0131ndan yaz\u0131lan yaz\u0131lar\" rel=\"author\"><\/a><\/span>\n            <\/div>\n                            <span class=\"inline-block float-right post-action p0\">\n                                <\/span>\n                                <\/div>\n        <\/div><div class=\"boxed-intro blog-boxed overflow-hidden zoom-hover icon-hover mb70 blog-content\">\n                <div class=\"overflow-hidden relative\">\n                <div class=\"intro-image overflow-hidden relative\">\n                    <a href=\"https:\/\/bdimarine.com\/index.php\/2024\/09\/20\/bvlgari-lighthouse-marine-works\/\">\n                                                    <img loading=\"lazy\" decoding=\"async\" width=\"1024\" height=\"682\" src=\"https:\/\/bdimarine.com\/wp-content\/uploads\/2018\/10\/Bvlgari-Lighthouse10-1024x682.jpg\" class=\"attachment-large size-large wp-post-image\" alt=\"\" srcset=\"https:\/\/bdimarine.com\/wp-content\/uploads\/2018\/10\/Bvlgari-Lighthouse10-1024x682.jpg 1024w, https:\/\/bdimarine.com\/wp-content\/uploads\/2018\/10\/Bvlgari-Lighthouse10-300x200.jpg 300w, https:\/\/bdimarine.com\/wp-content\/uploads\/2018\/10\/Bvlgari-Lighthouse10-768x511.jpg 768w, https:\/\/bdimarine.com\/wp-content\/uploads\/2018\/10\/Bvlgari-Lighthouse10-1536x1022.jpg 1536w, https:\/\/bdimarine.com\/wp-content\/uploads\/2018\/10\/Bvlgari-Lighthouse10-600x399.jpg 600w, https:\/\/bdimarine.com\/wp-content\/uploads\/2018\/10\/Bvlgari-Lighthouse10.jpg 1920w\" sizes=\"auto, (max-width: 1024px) 100vw, 1024px\" \/>                                                                        <span class=\"overlay-default\"><\/span>\n                        <span class=\"plus-icon\"><\/span>\n                    <\/a>\n                <\/div>\n            <\/div>\n                <div class=\"intro-content\">\n            <div class=\"blog-categories\"><a href=\"https:\/\/bdimarine.com\/index.php\/category\/projects\/\">Projects<\/a><\/div>            <a href=\"https:\/\/bdimarine.com\/index.php\/2024\/09\/20\/bvlgari-lighthouse-marine-works\/\">\n                <h5 class=\"widgettitle dark-hover\">Bvlgari Lighthouse Marine Works<\/h5>            <\/a>\n            <div class=\"blog-boxed-content\"><p><\/p><\/div>\n            <div class=\"entry-foot\">\n                <span class=\"read-more\"><a href=\"https:\/\/bdimarine.com\/index.php\/2024\/09\/20\/bvlgari-lighthouse-marine-works\/\">Read more<\/a><\/span>\n            <\/div>\n        <\/div>\n        <div class=\"entry-meta overflow-hidden\">\n            <div class=\"float-left entry-date\">\n                <span><i class=\"ti-time\"><\/i><\/span>\n            <\/div>\n            <div class=\"float-left entry-author pl-16\">\n                <span><i class=\"ti-user\"><\/i><a href=\"https:\/\/bdimarine.com\/index.php\/author\/teknogelisim\/\" title=\" taraf\u0131ndan yaz\u0131lan yaz\u0131lar\" rel=\"author\"><\/a><\/span>\n            <\/div>\n                            <span class=\"inline-block float-right post-action p0\">\n                                <\/span>\n                                <\/div>\n        <\/div><div class=\"row\"><div class='text-center mt40'><ul class='pagination'><li class='active'><a href='https:\/\/bdimarine.com\/index.php\/wp-json\/wp\/v2\/pages\/1823\/'>1<\/a><\/li> <li><a href='https:\/\/bdimarine.com\/index.php\/wp-json\/wp\/v2\/pages\/1823\/page\/2\/'>2<\/a><\/li> <\/ul><\/div><\/div><\/div><\/div><\/div><\/section>[\/vc_column][\/vc_row]<\/p>\n<\/div>","protected":false},"excerpt":{"rendered":"<p>[vc_row full_width=&#8221;stretch_row&#8221; tlg_padding=&#8221;pt0 pb0&#8243;][vc_column][\/vc_column][\/vc_row]<\/p>\n","protected":false},"author":1,"featured_media":8304,"parent":1808,"menu_order":0,"comment_status":"closed","ping_status":"closed","template":"","meta":{"footnotes":""},"class_list":["post-1823","page","type-page","status-publish","has-post-thumbnail","hentry"],"_links":{"self":[{"href":"https:\/\/bdimarine.com\/index.php\/wp-json\/wp\/v2\/pages\/1823","targetHints":{"allow":["GET"]}}],"collection":[{"href":"https:\/\/bdimarine.com\/index.php\/wp-json\/wp\/v2\/pages"}],"about":[{"href":"https:\/\/bdimarine.com\/index.php\/wp-json\/wp\/v2\/types\/page"}],"author":[{"embeddable":true,"href":"https:\/\/bdimarine.com\/index.php\/wp-json\/wp\/v2\/users\/1"}],"replies":[{"embeddable":true,"href":"https:\/\/bdimarine.com\/index.php\/wp-json\/wp\/v2\/comments?post=1823"}],"version-history":[{"count":0,"href":"https:\/\/bdimarine.com\/index.php\/wp-json\/wp\/v2\/pages\/1823\/revisions"}],"up":[{"embeddable":true,"href":"https:\/\/bdimarine.com\/index.php\/wp-json\/wp\/v2\/pages\/1808"}],"wp:featuredmedia":[{"embeddable":true,"href":"https:\/\/bdimarine.com\/index.php\/wp-json\/wp\/v2\/media\/8304"}],"wp:attachment":[{"href":"https:\/\/bdimarine.com\/index.php\/wp-json\/wp\/v2\/media?parent=1823"}],"curies":[{"name":"wp","href":"https:\/\/api.w.org\/{rel}","templated":true}]}}